{"id":809,"date":"2023-09-22T14:45:58","date_gmt":"2023-09-22T14:45:58","guid":{"rendered":"https:\/\/allontrip.tur.ar\/?page_id=809"},"modified":"2024-05-02T13:42:39","modified_gmt":"2024-05-02T13:42:39","slug":"usa","status":"publish","type":"page","link":"https:\/\/allontrip.tur.ar\/index.php\/usa\/","title":{"rendered":"USA"},"content":{"rendered":"\n<div class=\"wp-block-uagb-container uagb-block-2f0a1509 alignfull uagb-is-root-container\">\n<div class=\"wp-block-uagb-container uagb-block-57d7f756\">\n<div class=\"alignnormal\"><div id=\"metaslider-id-803\" style=\"width: 100%; margin: 0 auto;\" class=\"ml-slider-3-109-0 metaslider metaslider-flex metaslider-803 ml-slider ms-theme-default nav-hidden\" role=\"region\" aria-label=\"New york\" data-height=\"600\" data-width=\"1200\">\n    <div id=\"metaslider_container_803\">\n        <div id=\"metaslider_803\">\n            <ul class='slides'>\n                <li style=\"display: block; width: 100%;\" class=\"slide-1188 ms-image \" aria-roledescription=\"slide\" data-date=\"2023-09-29 14:00:00\" data-filename=\"imagen-cabecera-new-york-4-1.jpg\" data-slide-type=\"image\"><img loading=\"lazy\" decoding=\"async\" src=\"https:\/\/allontrip.tur.ar\/wp-content\/uploads\/2023\/09\/imagen-cabecera-new-york-4-1.jpg\" height=\"600\" width=\"1200\" alt=\"\" class=\"slider-803 slide-1188 msDefaultImage\" title=\"imagen-cabecera-new-york-4\" \/><\/li>\n                <li style=\"display: none; width: 100%;\" class=\"slide-805 ms-image \" aria-roledescription=\"slide\" data-date=\"2023-09-21 14:35:36\" data-filename=\"imagen-cabecera-new-york-1-2.jpg\" data-slide-type=\"image\"><img loading=\"lazy\" decoding=\"async\" src=\"https:\/\/allontrip.tur.ar\/wp-content\/uploads\/2023\/09\/imagen-cabecera-new-york-1-2.jpg\" height=\"600\" width=\"1200\" alt=\"\" class=\"slider-803 slide-805 msDefaultImage\" title=\"imagen-cabecera-new-york-1\" \/><\/li>\n                <li style=\"display: none; width: 100%;\" class=\"slide-1189 ms-image \" aria-roledescription=\"slide\" data-date=\"2023-09-29 14:00:00\" data-filename=\"imagen-cabecera-new-york-3-1.jpg\" data-slide-type=\"image\"><img loading=\"lazy\" decoding=\"async\" src=\"https:\/\/allontrip.tur.ar\/wp-content\/uploads\/2023\/09\/imagen-cabecera-new-york-3-1.jpg\" height=\"600\" width=\"1200\" alt=\"\" class=\"slider-803 slide-1189 msDefaultImage\" title=\"imagen-cabecera-new-york-3\" \/><\/li>\n                <li style=\"display: none; width: 100%;\" class=\"slide-1190 ms-image \" aria-roledescription=\"slide\" data-date=\"2023-09-29 14:00:00\" data-filename=\"imagen-cabecera-new-york-2-2.jpg\" data-slide-type=\"image\"><img loading=\"lazy\" decoding=\"async\" src=\"https:\/\/allontrip.tur.ar\/wp-content\/uploads\/2023\/09\/imagen-cabecera-new-york-2-2.jpg\" height=\"600\" width=\"1200\" alt=\"\" class=\"slider-803 slide-1190 msDefaultImage\" title=\"imagen-cabecera-new-york-2\" \/><\/li>\n            <\/ul>\n        <\/div>\n        \n    <\/div>\n<\/div><\/div>\n<\/div>\n\n\n\n<div class=\"wp-block-uagb-container uagb-block-5068c616\">\n<div class=\"wp-block-uagb-info-box uagb-block-7be7ba8b uagb-infobox__content-wrap  uagb-infobox-icon-above-title uagb-infobox-image-valign-top\"><div class=\"uagb-ifb-content\"><div class=\"uagb-ifb-icon-wrap\"><svg xmlns=\"https:\/\/www.w3.org\/2000\/svg\" viewBox=\"0 0 640 512\"><path d=\"M.2528 166.9L.0426 67.99C.0208 57.74 9.508 50.11 19.51 52.34L55.07 60.24C65.63 62.58 74.29 70.11 78.09 80.24L95.1 127.1L223.3 165.6L181.8 20.4C178.9 10.18 186.6 .001 197.2 .001H237.3C248.8 .001 259.5 6.236 265.2 16.31L374.2 210.2L481.5 241.8C497.4 246.5 512.2 254.3 525.2 264.7L559.6 292.2C583.7 311.4 577.7 349.5 548.9 360.5C507.7 376.1 462.7 378.5 420.1 367.4L121.7 289.8C110.6 286.9 100.5 281.1 92.4 272.9L9.536 189.4C3.606 183.4 .2707 175.3 .2528 166.9V166.9zM608 448C625.7 448 640 462.3 640 480C640 497.7 625.7 512 608 512H32C14.33 512 0 497.7 0 480C0 462.3 14.33 448 32 448H608zM192 368C192 385.7 177.7 400 160 400C142.3 400 128 385.7 128 368C128 350.3 142.3 336 160 336C177.7 336 192 350.3 192 368zM224 384C224 366.3 238.3 352 256 352C273.7 352 288 366.3 288 384C288 401.7 273.7 416 256 416C238.3 416 224 401.7 224 384z\"><\/path><\/svg><\/div><div class=\"uagb-ifb-title-wrap\"><h2 class=\"uagb-ifb-title\"><strong>NEW YORK<\/strong><\/h2><\/div><p class=\"uagb-ifb-desc\"><strong>NOVIEMBRE 2024<\/strong><\/p><\/div><\/div>\n<\/div>\n\n\n\n<div class=\"wp-block-uagb-container uagb-block-01fa3029\">\n<div class=\"wp-block-uagb-inline-notice uagb-inline_notice__align-left uagb-block-a45f37f3\"><button class=\"uagb-notice-close-button\" type=\"button\" aria-label=\"Close\"><\/button><h3 class=\"uagb-notice-title\"><strong><strong>Incluye<\/strong><\/strong>:<\/h3><div class=\"uagb-notice-text\">\n<p class=\"wp-block-paragraph\"><img loading=\"lazy\" decoding=\"async\" width=\"25\" height=\"25\" class=\"wp-image-792\" style=\"width: 25px;\" src=\"https:\/\/allontrip.tur.ar\/wp-content\/uploads\/2023\/09\/campanita.png\" alt=\"\"> <strong>Hotel Plaza Manhattan Times Square<\/strong><br><strong>Habitaci\u00f3n Deluxe family king con desayuno desde <strong>USD<\/strong><\/strong> <strong>1385<\/strong><br><\/p>\n<\/div><\/div>\n\n\n\n<div class=\"wp-block-uagb-info-box uagb-block-a1c7dd9b uagb-infobox__content-wrap  uagb-infobox-icon-above-title uagb-infobox-image-valign-top\"><div class=\"uagb-ifb-content\"><div class=\"uagb-ifb-title-wrap\"><\/div><p class=\"uagb-ifb-desc\"><strong>*Consultanos por otras opciones de hoteles y fechas de viaje<\/strong><br><strong>**Consultar por ITINERARIOS PERSONALIZADOS** (Ideal si viajas por primera vez)<\/strong><\/p><\/div><\/div>\n<\/div>\n\n\n\n<div class=\"wp-block-uagb-container uagb-block-1dfa453d\">\n<div class=\"wp-block-uagb-info-box uagb-block-63479109 uagb-infobox__content-wrap  uagb-infobox-icon-above-title uagb-infobox-image-valign-top\"><div class=\"uagb-ifb-content\"><div class=\"uagb-ifb-icon-wrap\"><svg xmlns=\"https:\/\/www.w3.org\/2000\/svg\" viewBox=\"0 0 640 512\"><path d=\"M.2528 166.9L.0426 67.99C.0208 57.74 9.508 50.11 19.51 52.34L55.07 60.24C65.63 62.58 74.29 70.11 78.09 80.24L95.1 127.1L223.3 165.6L181.8 20.4C178.9 10.18 186.6 .001 197.2 .001H237.3C248.8 .001 259.5 6.236 265.2 16.31L374.2 210.2L481.5 241.8C497.4 246.5 512.2 254.3 525.2 264.7L559.6 292.2C583.7 311.4 577.7 349.5 548.9 360.5C507.7 376.1 462.7 378.5 420.1 367.4L121.7 289.8C110.6 286.9 100.5 281.1 92.4 272.9L9.536 189.4C3.606 183.4 .2707 175.3 .2528 166.9V166.9zM608 448C625.7 448 640 462.3 640 480C640 497.7 625.7 512 608 512H32C14.33 512 0 497.7 0 480C0 462.3 14.33 448 32 448H608zM192 368C192 385.7 177.7 400 160 400C142.3 400 128 385.7 128 368C128 350.3 142.3 336 160 336C177.7 336 192 350.3 192 368zM224 384C224 366.3 238.3 352 256 352C273.7 352 288 366.3 288 384C288 401.7 273.7 416 256 416C238.3 416 224 401.7 224 384z\"><\/path><\/svg><\/div><div class=\"uagb-ifb-title-wrap\"><h2 class=\"uagb-ifb-title\"><strong><strong>NEW YORK<\/strong><\/strong><\/h2><\/div><p class=\"uagb-ifb-desc\"><strong><strong>NOVIEMBRE 2024<\/strong><\/strong><\/p><\/div><\/div>\n<\/div>\n\n\n\n<div class=\"wp-block-uagb-container uagb-block-e7759feb\">\n<div class=\"wp-block-uagb-inline-notice uagb-inline_notice__align-left uagb-block-52f0cb2f\"><button class=\"uagb-notice-close-button\" type=\"button\" aria-label=\"Close\"><\/button><h3 class=\"uagb-notice-title\"><strong><strong>Incluye<\/strong><\/strong>:<\/h3><div class=\"uagb-notice-text\">\n<p class=\"wp-block-paragraph\"><img loading=\"lazy\" decoding=\"async\" width=\"25\" height=\"25\" class=\"wp-image-792\" style=\"width: 25px;\" src=\"https:\/\/allontrip.tur.ar\/wp-content\/uploads\/2023\/09\/campanita.png\" alt=\"\"> <strong><strong>Hotel Plaza New York Times Square<\/strong><\/strong><br><strong>Habitaci\u00f3n Deluxe king con desayuno desde USD 1450<\/strong><br><\/p>\n<\/div><\/div>\n\n\n\n<div class=\"wp-block-uagb-info-box uagb-block-9d382efa uagb-infobox__content-wrap  uagb-infobox-icon-above-title uagb-infobox-image-valign-top\"><div class=\"uagb-ifb-content\"><div class=\"uagb-ifb-title-wrap\"><\/div><p class=\"uagb-ifb-desc\"><strong>*Consultanos por otras opciones de hoteles, fechas de viaje y cantidad de d\u00edas<\/strong><\/p><\/div><\/div>\n<\/div>\n\n\n\n<div class=\"wp-block-uagb-container uagb-block-1837d357\">\n<div class=\"wp-block-uagb-container uagb-block-fba38977\">\n<div class=\"wp-block-uagb-inline-notice uagb-inline_notice__align-left uagb-block-103e431b\"><button class=\"uagb-notice-close-button\" type=\"button\" aria-label=\"Close\"><\/button><h5 class=\"uagb-notice-title\"><strong>Observaciones:<\/strong><\/h5><div class=\"uagb-notice-text\">\n<p class=\"wp-block-paragraph\">Precios en base doble por persona en d\u00f3lares americanos pagadero en pesos al tipo de cambio del d\u00eda o en d\u00f3lares americanos. Incluyen Iva, gastos administrativos y de reserva. NO incluyen impuesto PAIS 30% (Ley 27541), ni al\u00edcuota 30 % Rg 5463\/2023 sobre servicios terrestres. Consultar por pago en pesos. Tarifas sujetas a disponibilidad al momento de hacer la reserva.\u00a0Pagos mediante transferencia bancaria. Pago por dep\u00f3sitos bancarios adicionar 5% seg\u00fan resoluci\u00f3n Afip 3819.\u00a0Las tarifas no son v\u00e1lidas para fechas especiales, por ejemplo Navidad, Fin de a\u00f1o, Pascuas (al menos se aclare lo contrario).\u00a0Alquileres\u00a0 de auto no incluye combustible (al menos aclare lo contrario) ni Sun Pass peajes. Impuestos locales, resort fee, facility fee seg\u00fan corresponda en cada ciudad deben abonarse en destino. La realizaci\u00f3n de una cotizaci\u00f3n NO implica reserva ni confirmaci\u00f3n de servicios. Consultar fecha deseada de viaje a fin de realizar cotizaci\u00f3n.\u00a0<\/p>\n<\/div><\/div>\n<\/div>\n\n\n\n<div class=\"wp-block-uagb-container uagb-block-35fb7ff2\">\n<div class=\"wp-block-uagb-inline-notice uagb-inline_notice__align-left uagb-block-f6c0ae73\"><button class=\"uagb-notice-close-button\" type=\"button\" aria-label=\"Close\"><\/button><h3 class=\"uagb-notice-title\"><strong>Importante:<\/strong><\/h3><div class=\"uagb-notice-text\">\n<p class=\"wp-block-paragraph\">INFORMES DE SERVICIOS Y TARIFAS EN TODOS LOS CASOS SON ORIENTATIVOS Y NO REVISTEN CONFIRMACI\u00d3N SINO HASTA QUE EL OPERADOR DEL SERVICIO INDIQUE QUE SE HALLA CONFIRMADO.<\/p>\n<\/div><\/div>\n<\/div>\n<\/div>\n<\/div>\n\n\n\n<div class=\"wp-block-cover alignfull is-style-default\"><span aria-hidden=\"true\" class=\"wp-block-cover__background has-black-background-color has-background-dim-70 has-background-dim\"><\/span><img loading=\"lazy\" decoding=\"async\" width=\"768\" height=\"1024\" class=\"wp-block-cover__image-background wp-image-885\" alt=\"\" src=\"https:\/\/allontrip.tur.ar\/wp-content\/uploads\/2023\/08\/crop-0-0-768-1024-0-WhatsApp-Image-2023-08-03-at-18.59.40.jpeg\" style=\"object-position:30% 21%\" data-object-fit=\"cover\" data-object-position=\"30% 21%\" srcset=\"https:\/\/allontrip.tur.ar\/wp-content\/uploads\/2023\/08\/crop-0-0-768-1024-0-WhatsApp-Image-2023-08-03-at-18.59.40.jpeg 768w, https:\/\/allontrip.tur.ar\/wp-content\/uploads\/2023\/08\/crop-0-0-768-1024-0-WhatsApp-Image-2023-08-03-at-18.59.40-225x300.jpeg 225w\" sizes=\"auto, (max-width: 768px) 100vw, 768px\" \/><div class=\"wp-block-cover__inner-container is-layout-constrained wp-block-cover-is-layout-constrained\">\n<div class=\"wp-block-uagb-container uagb-block-49ac6254 alignfull uagb-is-root-container\"><div class=\"uagb-container-inner-blocks-wrap\">\n<div class=\"wp-block-uagb-container uagb-block-89974da8\"><style id=\"wpforms-css-vars-850-block-746fc70b-5b8a-4018-8637-5d5d0c0b5b84\">\n\t\t\t\t#wpforms-850.wpforms-block-746fc70b-5b8a-4018-8637-5d5d0c0b5b84 {\n\t\t\t\t--wpforms-label-color: #ffffff;\n--wpforms-label-sublabel-color: var(--ast-global-color-5);\n--wpforms-field-border-radius: 4px;\n--wpforms-field-background-color: #272b32;\n--wpforms-field-text-color: #ffffff;\n--wpforms-button-background-color: #6e00ff;\n--wpforms-field-size-input-height: 43px;\n--wpforms-field-size-input-spacing: 15px;\n--wpforms-field-size-font-size: 16px;\n--wpforms-field-size-line-height: 19px;\n--wpforms-field-size-padding-h: 14px;\n--wpforms-field-size-checkbox-size: 16px;\n--wpforms-field-size-sublabel-spacing: 5px;\n--wpforms-field-size-icon-size: 1;\n--wpforms-label-size-font-size: 16px;\n--wpforms-label-size-line-height: 19px;\n--wpforms-label-size-sublabel-font-size: 14px;\n--wpforms-label-size-sublabel-line-height: 17px;\n--wpforms-button-size-font-size: 17px;\n--wpforms-button-size-height: 41px;\n--wpforms-button-size-padding-h: 15px;\n--wpforms-button-size-margin-top: 10px;\n\t\t\t}\n\t\t\t<\/style><div class=\"wpforms-container wpforms-container-full wpforms-block wpforms-block-746fc70b-5b8a-4018-8637-5d5d0c0b5b84 wpforms-render-modern\" id=\"wpforms-850\"><form id=\"wpforms-form-850\" class=\"wpforms-validate wpforms-form wpforms-ajax-form\" data-formid=\"850\" method=\"post\" enctype=\"multipart\/form-data\" action=\"\/index.php\/wp-json\/wp\/v2\/pages\/809\" data-token=\"6dc29f3082722eedbe8fc35efe860423\" data-token-time=\"1778086448\"><div class=\"wpforms-head-container\"><div class=\"wpforms-title\">CONTACTANOS <\/div><div class=\"wpforms-description\">PARA ORGANIZAR TU VIAJE \r\nA MEDIDA. Complet\u00e1 el formulario \r\ny nos pondremos en contacto.<\/div><\/div><noscript class=\"wpforms-error-noscript\">Por favor, activa JavaScript en tu navegador para completar este formulario.<\/noscript><div id=\"wpforms-error-noscript\" style=\"display: none;\">Por favor, activa JavaScript en tu navegador para completar este formulario.<\/div><div class=\"wpforms-field-container\"><div id=\"wpforms-850-field_0-container\" class=\"wpforms-field wpforms-field-name\" data-field-id=\"0\"><label class=\"wpforms-field-label\" for=\"wpforms-850-field_0\">Nombre y Apellido <span class=\"wpforms-required-label\" aria-hidden=\"true\">*<\/span><\/label><input type=\"text\" id=\"wpforms-850-field_0\" class=\"wpforms-field-medium wpforms-field-required\" name=\"wpforms[fields][0]\" aria-errormessage=\"wpforms-850-field_0-error\" required><\/div><div id=\"wpforms-850-field_3-container\" class=\"wpforms-field wpforms-field-number\" data-field-id=\"3\"><label class=\"wpforms-field-label\" for=\"wpforms-850-field_3\">Tel\u00e9fono<\/label><input type=\"number\" id=\"wpforms-850-field_3\" class=\"wpforms-field-medium\" name=\"wpforms[fields][3]\" step=\"any\" aria-errormessage=\"wpforms-850-field_3-error\" ><\/div><div id=\"wpforms-850-field_1-container\" class=\"wpforms-field wpforms-field-email\" data-field-id=\"1\"><label class=\"wpforms-field-label\" for=\"wpforms-850-field_1\">Correo electr\u00f3nico <span class=\"wpforms-required-label\" aria-hidden=\"true\">*<\/span><\/label><input type=\"email\" id=\"wpforms-850-field_1\" class=\"wpforms-field-medium wpforms-field-required\" name=\"wpforms[fields][1]\" spellcheck=\"false\" aria-errormessage=\"wpforms-850-field_1-error\" required><\/div><div id=\"wpforms-850-field_2-container\" class=\"wpforms-field wpforms-field-textarea\" data-field-id=\"2\"><label class=\"wpforms-field-label\" for=\"wpforms-850-field_2\">Asunto <span class=\"wpforms-required-label\" aria-hidden=\"true\">*<\/span><\/label><textarea id=\"wpforms-850-field_2\" class=\"wpforms-field-small wpforms-field-required\" name=\"wpforms[fields][2]\" aria-errormessage=\"wpforms-850-field_2-error\" aria-describedby=\"wpforms-850-field_2-description\" required><\/textarea><div id=\"wpforms-850-field_2-description\" class=\"wpforms-field-description\">Ingresar destino y fecha posible de viaje<\/div><\/div><div id=\"wpforms-850-field_12-container\" class=\"wpforms-field wpforms-field-select wpforms-field-select-style-classic\" data-field-id=\"12\"><label class=\"wpforms-field-label\" for=\"wpforms-850-field_12\">Adultos<\/label><select id=\"wpforms-850-field_12\" class=\"wpforms-field-small\" name=\"wpforms[fields][12]\"><option value=\"1\"  class=\"choice-1 depth-1\"  >1<\/option><option value=\"2\"  class=\"choice-2 depth-1\"  >2<\/option><option value=\"3\"  class=\"choice-3 depth-1\"  >3<\/option><option value=\"4\"  class=\"choice-4 depth-1\"  >4<\/option><option value=\"5\"  class=\"choice-5 depth-1\"  >5<\/option><option value=\"6\"  class=\"choice-6 depth-1\"  >6<\/option><option value=\"7\"  class=\"choice-7 depth-1\"  >7<\/option><option value=\"8\"  class=\"choice-9 depth-1\"  >8<\/option><option value=\"9\"  class=\"choice-10 depth-1\"  >9<\/option><\/select><\/div><div id=\"wpforms-850-field_13-container\" class=\"wpforms-field wpforms-field-select wpforms-field-select-style-classic\" data-field-id=\"13\"><label class=\"wpforms-field-label\" for=\"wpforms-850-field_13\">Menores (de 2 a 11 a\u00f1os)<\/label><select id=\"wpforms-850-field_13\" class=\"wpforms-field-small\" name=\"wpforms[fields][13]\"><option value=\"0\"  class=\"choice-11 depth-1\"  >0<\/option><option value=\"1\"  class=\"choice-1 depth-1\"  >1<\/option><option value=\"2\"  class=\"choice-2 depth-1\"  >2<\/option><option value=\"3\"  class=\"choice-3 depth-1\"  >3<\/option><option value=\"4\"  class=\"choice-4 depth-1\"  >4<\/option><option value=\"5\"  class=\"choice-5 depth-1\"  >5<\/option><option value=\"6\"  class=\"choice-6 depth-1\"  >6<\/option><option value=\"7\"  class=\"choice-7 depth-1\"  >7<\/option><option value=\"8\"  class=\"choice-9 depth-1\"  >8<\/option><option value=\"9\"  class=\"choice-10 depth-1\"  >9<\/option><\/select><\/div><div id=\"wpforms-850-field_14-container\" class=\"wpforms-field wpforms-field-select wpforms-field-select-style-classic\" data-field-id=\"14\"><label class=\"wpforms-field-label\" for=\"wpforms-850-field_14\">Bebes<\/label><select id=\"wpforms-850-field_14\" class=\"wpforms-field-small\" name=\"wpforms[fields][14]\"><option value=\"0\"  selected='selected' class=\"choice-11 depth-1\"  >0<\/option><option value=\"1\"  class=\"choice-1 depth-1\"  >1<\/option><option value=\"2\"  class=\"choice-2 depth-1\"  >2<\/option><option value=\"3\"  class=\"choice-3 depth-1\"  >3<\/option><option value=\"4\"  class=\"choice-4 depth-1\"  >4<\/option><option value=\"5\"  class=\"choice-5 depth-1\"  >5<\/option><option value=\"6\"  class=\"choice-6 depth-1\"  >6<\/option><option value=\"7\"  class=\"choice-7 depth-1\"  >7<\/option><option value=\"8\"  class=\"choice-9 depth-1\"  >8<\/option><option value=\"9\"  class=\"choice-10 depth-1\"  >9<\/option><\/select><\/div><\/div><!-- .wpforms-field-container --><div class=\"wpforms-submit-container\" ><input type=\"hidden\" name=\"wpforms[id]\" value=\"850\"><input type=\"hidden\" name=\"page_title\" value=\"\"><input type=\"hidden\" name=\"page_url\" value=\"https:\/\/allontrip.tur.ar\/index.php\/wp-json\/wp\/v2\/pages\/809\"><input type=\"hidden\" name=\"url_referer\" value=\"\"><button type=\"submit\" name=\"wpforms[submit]\" id=\"wpforms-submit-850\" class=\"wpforms-submit\" data-alt-text=\"Enviando...\" data-submit-text=\"Enviar\" aria-live=\"assertive\" value=\"wpforms-submit\">Enviar<\/button><img loading=\"lazy\" decoding=\"async\" src=\"https:\/\/allontrip.tur.ar\/wp-content\/plugins\/wpforms-lite\/assets\/images\/submit-spin.svg\" class=\"wpforms-submit-spinner\" style=\"display: none;\" width=\"26\" height=\"26\" alt=\"Cargando\"><\/div><\/form><\/div>  <!-- .wpforms-container --><\/div>\n<\/div><\/div>\n<\/div><\/div>\n","protected":false},"excerpt":{"rendered":"","protected":false},"author":1,"featured_media":0,"parent":0,"menu_order":0,"comment_status":"closed","ping_status":"closed","template":"","meta":{"_coblocks_attr":"Montserrat,Abril Fatface,Playfair Display,Merriweather,Montserrat","_coblocks_dimensions":"","_coblocks_responsive_height":"","_coblocks_accordion_ie_support":"","_crdt_document":"","_uag_custom_page_level_css":"","site-sidebar-layout":"default","site-content-layout":"","ast-site-content-layout":"default","site-content-style":"default","site-sidebar-style":"default","ast-global-header-display":"","ast-banner-title-visibility":"","ast-main-header-display":"","ast-hfb-above-header-display":"","ast-hfb-below-header-display":"","ast-hfb-mobile-header-display":"","site-post-title":"disabled","ast-breadcrumbs-content":"","ast-featured-img":"","footer-sml-layout":"","theme-transparent-header-meta":"","adv-header-id-meta":"","stick-header-meta":"","header-above-stick-meta":"","header-main-stick-meta":"","header-below-stick-meta":"","astra-migrate-meta-layouts":"set","ast-page-background-enabled":"default","ast-page-background-meta":{"desktop":{"background-color":"var(--ast-global-color-4)","background-image":"","background-repeat":"repeat","background-position":"center center","background-size":"auto","background-attachment":"scroll","background-type":"","background-media":"","overlay-type":"","overlay-color":"","overlay-gradient":""},"tablet":{"background-color":"","background-image":"","background-repeat":"repeat","background-position":"center center","background-size":"auto","background-attachment":"scroll","background-type":"","background-media":"","overlay-type":"","overlay-color":"","overlay-gradient":""},"mobile":{"background-color":"","background-image":"","background-repeat":"repeat","background-position":"center center","background-size":"auto","background-attachment":"scroll","background-type":"","background-media":"","overlay-type":"","overlay-color":"","overlay-gradient":""}},"ast-content-background-meta":{"desktop":{"background-color":"var(--ast-global-color-5)","background-image":"","background-repeat":"repeat","background-position":"center center","background-size":"auto","background-attachment":"scroll","background-type":"","background-media":"","overlay-type":"","overlay-color":"","overlay-gradient":""},"tablet":{"background-color":"var(--ast-global-color-5)","background-image":"","background-repeat":"repeat","background-position":"center center","background-size":"auto","background-attachment":"scroll","background-type":"","background-media":"","overlay-type":"","overlay-color":"","overlay-gradient":""},"mobile":{"background-color":"var(--ast-global-color-5)","background-image":"","background-repeat":"repeat","background-position":"center center","background-size":"auto","background-attachment":"scroll","background-type":"","background-media":"","overlay-type":"","overlay-color":"","overlay-gradient":""}},"footnotes":""},"class_list":["post-809","page","type-page","status-publish","hentry"],"uagb_featured_image_src":{"full":false,"thumbnail":false,"medium":false,"medium_large":false,"large":false,"1536x1536":false,"2048x2048":false},"uagb_author_info":{"display_name":"admin","author_link":"https:\/\/allontrip.tur.ar\/index.php\/author\/allontriptur\/"},"uagb_comment_info":0,"uagb_excerpt":null,"_links":{"self":[{"href":"https:\/\/allontrip.tur.ar\/index.php\/wp-json\/wp\/v2\/pages\/809","targetHints":{"allow":["GET"]}}],"collection":[{"href":"https:\/\/allontrip.tur.ar\/index.php\/wp-json\/wp\/v2\/pages"}],"about":[{"href":"https:\/\/allontrip.tur.ar\/index.php\/wp-json\/wp\/v2\/types\/page"}],"author":[{"embeddable":true,"href":"https:\/\/allontrip.tur.ar\/index.php\/wp-json\/wp\/v2\/users\/1"}],"replies":[{"embeddable":true,"href":"https:\/\/allontrip.tur.ar\/index.php\/wp-json\/wp\/v2\/comments?post=809"}],"version-history":[{"count":65,"href":"https:\/\/allontrip.tur.ar\/index.php\/wp-json\/wp\/v2\/pages\/809\/revisions"}],"predecessor-version":[{"id":1816,"href":"https:\/\/allontrip.tur.ar\/index.php\/wp-json\/wp\/v2\/pages\/809\/revisions\/1816"}],"wp:attachment":[{"href":"https:\/\/allontrip.tur.ar\/index.php\/wp-json\/wp\/v2\/media?parent=809"}],"curies":[{"name":"wp","href":"https:\/\/api.w.org\/{rel}","templated":true}]}}